{"id":8,"date":"2018-06-03T11:08:28","date_gmt":"2018-06-03T11:08:28","guid":{"rendered":"http:\/\/chiaro-consulting.de\/?page_id=8"},"modified":"2018-06-03T13:47:42","modified_gmt":"2018-06-03T13:47:42","slug":"startseite","status":"publish","type":"page","link":"https:\/\/chiaro-consulting.de\/","title":{"rendered":"Willkommen!"},"content":{"rendered":"<p>chiaro!consulting ist ein Ein-Mann-Software-Unternehmen mit dem Ziel, Kunden hochwertige Beratung und Softwareentwicklung im Java und C#-Umfeld zu bieten.<\/p>\n<p><strong><span style=\"color: #f8961d;\">chiaro<\/span><\/strong> (sprich: kiaro) ist italienisch und hei\u00dft \u00fcbersetzt: klar, brilliant.<\/p>\n<p>Als Abk\u00fcrzung steht es f\u00fcr<br \/>\n<span style=\"color: #f8961d;\"><strong>c<\/strong><\/span>hristoph<br \/>\n<span style=\"color: #f8961d;\"><strong>h<\/strong><\/span>ahnemann<br \/>\n<span style=\"color: #f8961d;\"><strong>i<\/strong><\/span>nformationssysteme<br \/>\n<span style=\"color: #f8961d;\"><strong>ar<\/strong><\/span>chitekturen<br \/>\n<span style=\"color: #f8961d;\"><strong>o<\/strong><\/span>rganisation<\/p>\n<p><strong>Was ich tue<\/strong><\/p>\n<p>Ich verstehe mich als Software-Engineer, der alle Phasen des Entwicklungsprozesses abdeckt, \u00fcber die Use Case Analyse, Architektur und -design, die eigentliche Implementierung, Test und Auslieferung. Im Grossteil meiner Projekte verst\u00e4rke ich Softwareentwicklungs-Teams als Softwaredesigner und -entwickler. Ich \u00fcbernehme auch Technical Lead oder Projektleiter Positionen (der &#8222;organisation&#8220;-Teil in chiaro).<\/p>\n<p>Mein komplettes Profil mit detaillierten Projektbeschreibungen und Skills ist <a href=\"https:\/\/www.gulp.de\/gulp2\/home\/profil\/Hahnemann\" target=\"_blank\" rel=\"noopener\">\u00f6ffentlich bei GULP<\/a> einsehbar.<\/p>\n<p><strong>Was ich nicht tue<\/strong><\/p>\n<p>PC-Wartung, Installation und Wartung der Infrastruktur, z.B. von Serverlandschaften und Standard-Softwareprodukten wie Datenbanken oder Application Servern.<\/p>\n<p><strong>Was ich sch\u00e4tze<\/strong><\/p>\n<p>In meinen vielen Projekten habe ich zahlreiche Branchen kennengelernt. Am meisten interessiert mich die Luft- und Raumfahrt. Was nicht bedeutet, dass ich nicht gerne in anderen Branchen arbeite. Au\u00dferdem bin ich immer interessiert, Neues kennenzulernen. Das ist ein gro\u00dfer Vorteil der Freiberuflichkeit, den ich sehr genie\u00dfe: man lernt st\u00e4ndig neue Branchen, Arbeitskulturen, Missionen, Fachvokabulare und vor allem Menschen kennen. Das wird mir wohl nie langweilig.<\/p>\n","protected":false},"excerpt":{"rendered":"<p>chiaro!consulting ist ein Ein-Mann-Software-Unternehmen mit dem Ziel, Kunden hochwertige Beratung und Softwareentwicklung im Java und C#-Umfeld zu bieten. chiaro (sprich: kiaro) ist italienisch und hei\u00dft \u00fcbersetzt: klar, brilliant. Als Abk\u00fcrzung steht es f\u00fcr christoph hahnemann informationssysteme architekturen organisation Was ich tue Ich verstehe mich als Software-Engineer, der alle Phasen des Entwicklungsprozesses abdeckt, \u00fcber die Use &hellip; <a href=\"https:\/\/chiaro-consulting.de\/\" class=\"more-link\"><span class=\"screen-reader-text\">&#8222;Willkommen!&#8220; <\/span>weiterlesen<\/a><\/p>\n","protected":false},"author":1,"featured_media":0,"parent":0,"menu_order":0,"comment_status":"closed","ping_status":"closed","template":"","meta":[],"_links":{"self":[{"href":"https:\/\/chiaro-consulting.de\/index.php?rest_route=\/wp\/v2\/pages\/8"}],"collection":[{"href":"https:\/\/chiaro-consulting.de\/index.php?rest_route=\/wp\/v2\/pages"}],"about":[{"href":"https:\/\/chiaro-consulting.de\/index.php?rest_route=\/wp\/v2\/types\/page"}],"author":[{"embeddable":true,"href":"https:\/\/chiaro-consulting.de\/index.php?rest_route=\/wp\/v2\/users\/1"}],"replies":[{"embeddable":true,"href":"https:\/\/chiaro-consulting.de\/index.php?rest_route=%2Fwp%2Fv2%2Fcomments&post=8"}],"version-history":[{"count":7,"href":"https:\/\/chiaro-consulting.de\/index.php?rest_route=\/wp\/v2\/pages\/8\/revisions"}],"predecessor-version":[{"id":47,"href":"https:\/\/chiaro-consulting.de\/index.php?rest_route=\/wp\/v2\/pages\/8\/revisions\/47"}],"wp:attachment":[{"href":"https:\/\/chiaro-consulting.de\/index.php?rest_route=%2Fwp%2Fv2%2Fmedia&parent=8"}],"curies":[{"name":"wp","href":"https:\/\/api.w.org\/{rel}","templated":true}]}}